{"id":22475,"date":"2024-08-23T15:02:17","date_gmt":"2024-08-23T22:02:17","guid":{"rendered":"https:\/\/cutetarot.com\/?page_id=22475"},"modified":"2024-08-23T15:02:17","modified_gmt":"2024-08-23T22:02:17","slug":"home","status":"publish","type":"page","link":"https:\/\/cutetarot.com\/es\/home\/","title":{"rendered":"Home"},"content":{"rendered":"<div class=\"wp-block-group is-layout-flow wp-block-group-is-layout-flow\" style=\"padding-right:0;padding-left:0\">\n<div class=\"wp-block-columns is-layout-flex wp-container-core-columns-is-layout-e0e4babd wp-block-columns-is-layout-flex\" style=\"padding-right:0;padding-left:0\">\n<div class=\"wp-block-column is-layout-constrained wp-block-column-is-layout-constrained\">\n<h1 class=\"wp-block-heading has-extra-large-font-size\" style=\"line-height:1.2\">Manifiesta una vida linda.<\/h1>\n\n\n\n<div class=\"wp-block-columns is-layout-flex wp-container-core-columns-is-layout-28f84493 wp-block-columns-is-layout-flex\">\n<div class=\"wp-block-column is-layout-flow wp-block-column-is-layout-flow\" style=\"flex-basis:80%\">\n<p>El planificador diario de tarot y el lienzo del tablero de visi\u00f3n que te ayudan a jugar tu camino hacia la felicidad.<\/p>\n<\/div>\n\n\n\n<div class=\"wp-block-column is-layout-flow wp-block-column-is-layout-flow\" style=\"flex-basis:20%\"><\/div>\n<\/div>\n\n\n\n<div class=\"wp-block-buttons is-layout-flex wp-block-buttons-is-layout-flex\">\n<div class=\"wp-block-button\"><a class=\"wp-block-button__link wp-element-button\" href=\"\/es\/pricing\/\">Empezar<\/a><\/div>\n<\/div>\n<\/div>\n\n\n\n<div class=\"wp-block-column is-vertically-aligned-center is-layout-flow wp-block-column-is-layout-flow\">\n<figure class=\"wp-block-embed is-type-video is-provider-youtube wp-block-embed-youtube wp-embed-aspect-16-9 wp-has-aspect-ratio\"><div class=\"wp-block-embed__wrapper\">\n<iframe loading=\"lazy\" title=\"Presentando el Tarot Lindo\" width=\"500\" height=\"281\" src=\"https:\/\/www.youtube.com\/embed\/WDTOey-jExw?feature=oembed\" frameborder=\"0\" allow=\"accelerometer; autoplay; clipboard-write; encrypted-media; gyroscope; picture-in-picture; web-share\" referrerpolicy=\"strict-origin-when-cross-origin\" allowfullscreen><\/iframe>\n<\/div><\/figure>\n<\/div>\n<\/div>\n<\/div>\n\n\n\n<div style=\"height:16px\" aria-hidden=\"true\" class=\"wp-block-spacer\"><\/div>\n\n\n\n<div class=\"wp-block-columns is-layout-flex wp-container-core-columns-is-layout-28f84493 wp-block-columns-is-layout-flex\">\n<div class=\"wp-block-column is-layout-flow wp-block-column-is-layout-flow\">\n<figure class=\"wp-block-image aligncenter size-full is-resized\"><img decoding=\"async\" src=\"https:\/\/cutetarot.com\/wp-content\/uploads\/2024\/08\/step-1-1-1.png\" alt=\"\" class=\"wp-image-22478\" style=\"width:auto;height:120px\"\/><\/figure>\n\n\n\n<h2 class=\"wp-block-heading has-text-align-center\" style=\"font-size:38px\">1. Extracci\u00f3n diaria de cartas<\/h2>\n\n\n\n<p class=\"has-text-align-center\">Saca una carta y establece una intenci\u00f3n para el d\u00eda.<br><\/p>\n<\/div>\n\n\n\n<div class=\"wp-block-column is-layout-flow wp-block-column-is-layout-flow\">\n<figure class=\"wp-block-image aligncenter size-full is-resized\"><img decoding=\"async\" src=\"https:\/\/cutetarot.com\/wp-content\/uploads\/2024\/08\/step-2-1-1.png\" alt=\"\" class=\"wp-image-22479\" style=\"width:auto;height:120px\"\/><\/figure>\n\n\n\n<h2 class=\"wp-block-heading has-text-align-center\" style=\"font-size:38px\">2. Visualizar<\/h2>\n\n\n\n<p class=\"has-text-align-center\">Guarda im\u00e1genes en tableros de visi\u00f3n para inspirarte.<\/p>\n<\/div>\n\n\n\n<div class=\"wp-block-column is-layout-flow wp-block-column-is-layout-flow\">\n<figure class=\"wp-block-image aligncenter size-full is-resized\"><img decoding=\"async\" src=\"https:\/\/cutetarot.com\/wp-content\/uploads\/2024\/08\/step-3-1-1.png\" alt=\"\" class=\"wp-image-22480\" style=\"width:212px;height:auto\"\/><\/figure>\n\n\n\n<h2 class=\"wp-block-heading has-text-align-center\" style=\"font-size:38px\">3. Manifiesto<\/h2>\n\n\n\n<p class=\"has-text-align-center\">Manifiesta intenciones diarias y la vida brillar\u00e1.<\/p>\n<\/div>\n<\/div>\n\n\n\n<div style=\"height:40px\" aria-hidden=\"true\" class=\"wp-block-spacer\"><\/div>\n\n\n\n<div class=\"wp-block-columns is-layout-flex wp-container-core-columns-is-layout-28f84493 wp-block-columns-is-layout-flex\">\n<div class=\"wp-block-column is-layout-flow wp-block-column-is-layout-flow\">\n<h3 class=\"wp-block-heading\" style=\"font-size:38px\">Hola, soy Diana L\u00f3pez.<\/h3>\n\n\n\n<p><strong>\u00a1Mi amor por el tarot, la manifestaci\u00f3n y la ternura se desbordan!<\/strong> He creado Kawaii Tarot, Spoopy Tarot y recientemente cre\u00e9 Cute Tarot, el sitio en el que est\u00e1s ahora, para combinar mi amor por la tecnolog\u00eda y el tarot.<\/p>\n\n\n\n<p><strong>Mantenga su pr\u00e1ctica espiritual l\u00fadica, receptiva y llena de sorpresas con Cute Tarot.<\/strong> Disfruta de lecturas diarias de tarot, crea m\u00faltiples tableros de visi\u00f3n para manifestar tus sue\u00f1os y personaliza tu experiencia seg\u00fan tus preferencias est\u00e9ticas y de estilo de vida. Las ideas de intenciones diarias te mantendr\u00e1n enfocado, mientras que las im\u00e1genes inspiradoras y mis barajas de tarot, Tarot Espeluznante y Tarot Kawaii, alegran tu d\u00eda a d\u00eda.<\/p>\n\n\n\n<p><strong>\u00danete a Cute Tarot gratis hoy.<\/strong> Apoyamos tu pr\u00e1ctica espiritual de una manera que s\u00f3lo un mundo digital puede hacerlo.<\/p>\n<\/div>\n\n\n\n<div class=\"wp-block-column is-vertically-aligned-center is-layout-flow wp-block-column-is-layout-flow\">\n<figure class=\"wp-block-image aligncenter size-full is-style-rounded\"><img decoding=\"async\" src=\"https:\/\/cutetarot.com\/wp-content\/uploads\/2024\/08\/C36YXWb__400x400-1-1.jpg\" alt=\"\" class=\"wp-image-24427\" style=\"object-fit:cover\"\/><\/figure>\n\n\n\n<p class=\"has-text-align-center\">Aseg\u00farate de <a href=\"https:\/\/cutetarot.com\/es\/about\/\" data-type=\"page\" data-id=\"22545\"><strong>Cont\u00e1ctame<\/strong><\/a> \u00a1Si tienes alguna idea de funciones!<\/p>\n\n\n\n<div class=\"wp-block-buttons is-content-justification-center is-layout-flex wp-container-core-buttons-is-layout-a89b3969 wp-block-buttons-is-layout-flex\">\n<div class=\"wp-block-button\"><a class=\"wp-block-button__link wp-element-button\" href=\"https:\/\/cutetarot.com\/es\/pricing\/\">Empezar<\/a><\/div>\n<\/div>\n<\/div>\n<\/div>\n\n\n\n<div style=\"height:40px\" aria-hidden=\"true\" class=\"wp-block-spacer\"><\/div>\n\n\n\n<h3 class=\"wp-block-heading has-text-align-center\" style=\"font-size:38px\">Como se ve en\u2026<\/h3>\n\n\n\n<figure class=\"wp-block-image size-large\"><img loading=\"lazy\" decoding=\"async\" width=\"1024\" height=\"93\" src=\"https:\/\/cutetarot.com\/wp-content\/uploads\/2024\/08\/logos-1280x116-1-1-1024x93.png\" alt=\"\" class=\"wp-image-24416\" srcset=\"https:\/\/cutetarot.com\/wp-content\/uploads\/2024\/08\/logos-1280x116-1-1-1024x93.png 1024w, https:\/\/cutetarot.com\/wp-content\/uploads\/2024\/08\/logos-1280x116-1-1-300x27.png 300w, https:\/\/cutetarot.com\/wp-content\/uploads\/2024\/08\/logos-1280x116-1-1-768x70.png 768w, https:\/\/cutetarot.com\/wp-content\/uploads\/2024\/08\/logos-1280x116-1-1-18x2.png 18w, https:\/\/cutetarot.com\/wp-content\/uploads\/2024\/08\/logos-1280x116-1-1.png 1280w\" sizes=\"auto, (max-width: 1024px) 100vw, 1024px\" \/><\/figure>\n\n\n\n<div style=\"height:24px\" aria-hidden=\"true\" class=\"wp-block-spacer\"><\/div>\n\n\n\n<h3 class=\"wp-block-heading has-text-align-center\" style=\"font-size:38px\">Mis mazos<\/h3>\n\n\n\n<div style=\"height:40px\" aria-hidden=\"true\" class=\"wp-block-spacer\"><\/div>\n\n\n\n<div class=\"wp-block-columns is-layout-flex wp-container-core-columns-is-layout-28f84493 wp-block-columns-is-layout-flex\">\n<div class=\"wp-block-column is-layout-flow wp-block-column-is-layout-flow\">\n<figure class=\"wp-block-image size-full\"><img decoding=\"async\" src=\"https:\/\/cutetarot.com\/wp-content\/uploads\/2024\/08\/81bXOj1UqKL-640x640-1-1-1.jpeg\" alt=\"\" class=\"wp-image-24419\"\/><\/figure>\n\n\n\n<div class=\"wp-block-group is-layout-flow wp-block-group-is-layout-flow\">\n<h3 class=\"wp-block-heading\" style=\"font-size:38px\">Tarot Kawaii<\/h3>\n\n\n\n<p>Una baraja m\u00e1gica y adorable de 78 cartas con un folleto detallado.<\/p>\n\n\n\n<div class=\"wp-block-buttons is-layout-flex wp-block-buttons-is-layout-flex\">\n<div class=\"wp-block-button\"><a class=\"wp-block-button__link has-accent-2-background-color has-background wp-element-button\" href=\"https:\/\/cutetarot.com\/es\/kawaii-tarot-card-meanings\/\">Ver tarjetas<\/a><\/div>\n<\/div>\n<\/div>\n<\/div>\n\n\n\n<div class=\"wp-block-column is-layout-flow wp-block-column-is-layout-flow\">\n<figure class=\"wp-block-image size-large\"><img loading=\"lazy\" decoding=\"async\" width=\"1024\" height=\"1024\" src=\"https:\/\/cutetarot.com\/wp-content\/uploads\/2024\/08\/spoopy-tarot-1-1280x1280-2-1-1024x1024.jpg\" alt=\"\" class=\"wp-image-24420\" srcset=\"https:\/\/cutetarot.com\/wp-content\/uploads\/2024\/08\/spoopy-tarot-1-1280x1280-2-1-1024x1024.jpg 1024w, https:\/\/cutetarot.com\/wp-content\/uploads\/2024\/08\/spoopy-tarot-1-1280x1280-2-1-300x300.jpg 300w, https:\/\/cutetarot.com\/wp-content\/uploads\/2024\/08\/spoopy-tarot-1-1280x1280-2-1-150x150.jpg 150w, https:\/\/cutetarot.com\/wp-content\/uploads\/2024\/08\/spoopy-tarot-1-1280x1280-2-1-768x768.jpg 768w, https:\/\/cutetarot.com\/wp-content\/uploads\/2024\/08\/spoopy-tarot-1-1280x1280-2-1-12x12.jpg 12w, https:\/\/cutetarot.com\/wp-content\/uploads\/2024\/08\/spoopy-tarot-1-1280x1280-2-1.jpg 1280w\" sizes=\"auto, (max-width: 1024px) 100vw, 1024px\" \/><\/figure>\n\n\n\n<div class=\"wp-block-group is-layout-flow wp-block-group-is-layout-flow\">\n<h3 class=\"wp-block-heading\" style=\"font-size:38px\">Tarot espeluznante<\/h3>\n\n\n\n<p>Una baraja de tarot completa y una historia de valent\u00eda liderada por un fantasma valiente.<\/p>\n\n\n\n<div class=\"wp-block-buttons is-layout-flex wp-block-buttons-is-layout-flex\">\n<div class=\"wp-block-button\"><a class=\"wp-block-button__link has-accent-2-background-color has-background wp-element-button\" href=\"https:\/\/cutetarot.com\/es\/spoopy-tarot-card-meanings\/\">Ver tarjetas<\/a><\/div>\n<\/div>\n<\/div>\n<\/div>\n<\/div>\n\n\n\n<p><\/p>","protected":false},"excerpt":{"rendered":"<p>Manifest a cute life. The daily tarot planner &amp; vision board canvas that helps you play your way to bliss. 1. Daily card pull Draw a card &amp; set an intention for the day. 2. Visualize Save images to vision boards to inspire you. 3. Manifest Manifest daily intentions and life will sparkle. Hey, I&#8217;m [&hellip;]<\/p>","protected":false},"author":1,"featured_media":0,"parent":0,"menu_order":0,"comment_status":"closed","ping_status":"closed","template":"","meta":{"_acf_changed":false,"footnotes":""},"class_list":["post-22475","page","type-page","status-publish","hentry"],"acf":[],"_links":{"self":[{"href":"https:\/\/cutetarot.com\/es\/wp-json\/wp\/v2\/pages\/22475","targetHints":{"allow":["GET"]}}],"collection":[{"href":"https:\/\/cutetarot.com\/es\/wp-json\/wp\/v2\/pages"}],"about":[{"href":"https:\/\/cutetarot.com\/es\/wp-json\/wp\/v2\/types\/page"}],"author":[{"embeddable":true,"href":"https:\/\/cutetarot.com\/es\/wp-json\/wp\/v2\/users\/1"}],"replies":[{"embeddable":true,"href":"https:\/\/cutetarot.com\/es\/wp-json\/wp\/v2\/comments?post=22475"}],"version-history":[{"count":0,"href":"https:\/\/cutetarot.com\/es\/wp-json\/wp\/v2\/pages\/22475\/revisions"}],"wp:attachment":[{"href":"https:\/\/cutetarot.com\/es\/wp-json\/wp\/v2\/media?parent=22475"}],"curies":[{"name":"gracias","href":"https:\/\/api.w.org\/{rel}","templated":true}]}}