{"id":30780,"date":"2024-09-08T17:20:00","date_gmt":"2024-09-09T00:20:00","guid":{"rendered":"https:\/\/cutetarot.com\/?page_id=30780"},"modified":"2026-01-06T09:12:15","modified_gmt":"2026-01-06T17:12:15","slug":"mobile","status":"publish","type":"page","link":"https:\/\/cutetarot.com\/es\/","title":{"rendered":"M\u00f3vil"},"content":{"rendered":"<div class=\"wp-block-cover alignfull is-light has-parallax has-custom-content-position is-position-top-center\" style=\"padding-bottom:var(--wp--preset--spacing--60);min-height:100vh;aspect-ratio:unset;\"><div class=\"wp-block-cover__image-background wp-image-30754 size-full has-parallax\" style=\"background-position:50% 50%;background-image:url(https:\/\/cutetarot.com\/wp-content\/uploads\/2024\/09\/IMG_3014-1.png)\"><\/div><span aria-hidden=\"true\" class=\"wp-block-cover__background has-background-dim-0 has-background-dim\" style=\"background-color:#f2f3f7\"><\/span><div class=\"wp-block-cover__inner-container is-layout-constrained wp-block-cover-is-layout-constrained\">\n<div class=\"wp-block-columns is-layout-flex wp-container-core-columns-is-layout-28f84493 wp-block-columns-is-layout-flex\">\n<div class=\"wp-block-column is-layout-flow wp-block-column-is-layout-flow\">\n<div class=\"wp-block-group has-background-background-color has-background is-vertical is-layout-flex wp-container-core-group-is-layout-2cb4fafa wp-block-group-is-layout-flex\" style=\"border-radius:24px;padding-top:var(--wp--preset--spacing--60);padding-bottom:var(--wp--preset--spacing--60)\">\n<figure class=\"wp-block-image size-large is-resized\"><img decoding=\"async\" src=\"https:\/\/cutetarot.com\/wp-content\/uploads\/2024\/08\/logo.svg\" alt=\"\" class=\"wp-image-22469\" style=\"width:auto;height:32px\"\/><\/figure>\n\n\n\n<p>El tarot es m\u00e1s encantador que nunca con lecturas digitales de cartas, intenciones diarias y celebraci\u00f3n de coincidencias. Disfruta de tecnolog\u00eda avanzada y amigable para tu camino espiritual.<\/p>\n\n\n\n<figure class=\"wp-block-gallery has-nested-images columns-default is-cropped wp-block-gallery-1 is-layout-flex wp-block-gallery-is-layout-flex\">\n<figure class=\"wp-block-image size-full\"><a href=\"https:\/\/apps.apple.com\/nl\/app\/cute-tarot\/id6670729684\" target=\"_blank\" rel=\"noreferrer noopener\"><img loading=\"lazy\" decoding=\"async\" width=\"375\" height=\"120\" data-id=\"30836\" src=\"https:\/\/cutetarot.com\/wp-content\/uploads\/2024\/09\/Mask-group-1-1.png\" alt=\"\" class=\"wp-image-30836\" srcset=\"https:\/\/cutetarot.com\/wp-content\/uploads\/2024\/09\/Mask-group-1-1.png 375w, https:\/\/cutetarot.com\/wp-content\/uploads\/2024\/09\/Mask-group-1-1-300x96.png 300w, https:\/\/cutetarot.com\/wp-content\/uploads\/2024\/09\/Mask-group-1-1-18x6.png 18w\" sizes=\"auto, (max-width: 375px) 100vw, 375px\" \/><\/a><\/figure>\n\n\n\n<figure class=\"wp-block-image size-large\"><a href=\"https:\/\/play.google.com\/store\/apps\/details?id=com.cutetarot.app\" target=\"_blank\" rel=\"noreferrer noopener\"><img decoding=\"async\" src=\"https:\/\/cutetarot.com\/wp-content\/uploads\/2024\/09\/Mask-group.png\" alt=\"\"\/><\/a><\/figure>\n<\/figure>\n<\/div>\n<\/div>\n\n\n\n<div class=\"wp-block-column is-layout-flow wp-block-column-is-layout-flow\">\n<div class=\"wp-block-cover is-light\" style=\"border-radius:24px;min-height:18vh;aspect-ratio:unset;\"><img loading=\"lazy\" decoding=\"async\" width=\"801\" height=\"552\" class=\"wp-block-cover__image-background wp-image-24570 size-full\" alt=\"\" src=\"https:\/\/cutetarot.com\/wp-content\/uploads\/2024\/08\/kawaii-79-e1726245898161-1.png\" data-object-fit=\"cover\" srcset=\"https:\/\/cutetarot.com\/wp-content\/uploads\/2024\/08\/kawaii-79-e1726245898161-1.png 801w, https:\/\/cutetarot.com\/wp-content\/uploads\/2024\/08\/kawaii-79-e1726245898161-1-300x207.png 300w, https:\/\/cutetarot.com\/wp-content\/uploads\/2024\/08\/kawaii-79-e1726245898161-1-768x529.png 768w, https:\/\/cutetarot.com\/wp-content\/uploads\/2024\/08\/kawaii-79-e1726245898161-1-18x12.png 18w\" sizes=\"auto, (max-width: 801px) 100vw, 801px\" \/><span aria-hidden=\"true\" class=\"wp-block-cover__background has-light-neutral-background-color has-background-dim\"><\/span><div class=\"wp-block-cover__inner-container is-layout-constrained wp-block-cover-is-layout-constrained\">\n<h2 class=\"wp-block-heading has-text-align-center\" style=\"font-size:32px\"><a href=\"https:\/\/cutetarot.com\/es\/kawaii-tarot-card-meanings\/\" data-type=\"link\" data-id=\"https:\/\/cutetarot.com\/kawaii-tarot-card-meanings\/\">Tarot Kawaii \u2192<\/a><\/h2>\n<\/div><\/div>\n\n\n\n<div class=\"wp-block-cover is-light\" style=\"border-radius:24px;min-height:18vh;aspect-ratio:unset;\"><img loading=\"lazy\" decoding=\"async\" width=\"378\" height=\"234\" class=\"wp-block-cover__image-background wp-image-24571 size-full\" alt=\"\" src=\"https:\/\/cutetarot.com\/wp-content\/uploads\/2024\/08\/spoopy-79-e1726245923610-1.png\" data-object-fit=\"cover\" srcset=\"https:\/\/cutetarot.com\/wp-content\/uploads\/2024\/08\/spoopy-79-e1726245923610-1.png 378w, https:\/\/cutetarot.com\/wp-content\/uploads\/2024\/08\/spoopy-79-e1726245923610-1-300x186.png 300w, https:\/\/cutetarot.com\/wp-content\/uploads\/2024\/08\/spoopy-79-e1726245923610-1-18x12.png 18w\" sizes=\"auto, (max-width: 378px) 100vw, 378px\" \/><span aria-hidden=\"true\" class=\"wp-block-cover__background has-background-dim\" style=\"background-color:#ada9d8\"><\/span><div class=\"wp-block-cover__inner-container is-layout-constrained wp-block-cover-is-layout-constrained\">\n<h2 class=\"wp-block-heading has-text-align-center has-background-color has-text-color has-link-color wp-elements-2019fa721cb070177af1079ef36a2555\" style=\"font-size:32px\"><a href=\"https:\/\/cutetarot.com\/es\/spoopy-tarot-card-meanings\/\" data-type=\"link\" data-id=\"https:\/\/cutetarot.com\/spoopy-tarot-card-meanings\/\">Tarot Espeluznante \u2192<\/a><\/h2>\n<\/div><\/div>\n<\/div>\n\n\n\n<div class=\"wp-block-column is-layout-flow wp-block-column-is-layout-flow\">\n<div class=\"wp-block-group has-background is-layout-constrained wp-block-group-is-layout-constrained\" style=\"border-radius:24px;background-color:#e9e1ff\">\n<div class=\"wp-block-columns are-vertically-aligned-center is-layout-flex wp-container-core-columns-is-layout-28f84493 wp-block-columns-is-layout-flex\">\n<div class=\"wp-block-column is-vertically-aligned-center is-layout-flow wp-block-column-is-layout-flow\">\n<figure class=\"wp-block-image size-large is-resized has-custom-border\"><img decoding=\"async\" src=\"https:\/\/cutetarot.com\/wp-content\/uploads\/2024\/09\/IMG_6706.jpeg\" alt=\"\" style=\"border-radius:24px;width:114px;height:auto\"\/><\/figure>\n<\/div>\n\n\n\n<div class=\"wp-block-column is-vertically-aligned-center is-layout-flow wp-block-column-is-layout-flow\">\n<p>Diana L\u00f3pez es una artista y bruja tecnol\u00f3gica de Los \u00c1ngeles.<\/p>\n<\/div>\n<\/div>\n<\/div>\n\n\n\n<figure class=\"wp-block-image aligncenter size-large is-resized\"><img decoding=\"async\" src=\"https:\/\/cutetarot.com\/wp-content\/uploads\/2024\/09\/cards.svg\" alt=\"\" class=\"wp-image-30790\" style=\"width:96px;height:auto\"\/><\/figure>\n\n\n\n<p class=\"has-text-align-center\">Desde que era peque\u00f1a, sab\u00eda que quer\u00eda jugar mucho en la computadora.<\/p>\n<\/div>\n<\/div>\n\n\n\n<div class=\"wp-block-columns is-layout-flex wp-container-core-columns-is-layout-28f84493 wp-block-columns-is-layout-flex\">\n<div class=\"wp-block-column is-layout-flow wp-block-column-is-layout-flow\">\n<h2 class=\"wp-block-heading\" style=\"font-size:32px\">Caracter\u00edsticas de la aplicaci\u00f3n<\/h2>\n\n\n\n<div class=\"wp-block-columns is-layout-flex wp-container-core-columns-is-layout-28f84493 wp-block-columns-is-layout-flex\">\n<div class=\"wp-block-column is-layout-flow wp-block-column-is-layout-flow\">\n<div class=\"wp-block-columns is-not-stacked-on-mobile is-layout-flex wp-container-core-columns-is-layout-28f84493 wp-block-columns-is-layout-flex\">\n<div class=\"wp-block-column is-layout-flow wp-block-column-is-layout-flow\">\n<figure class=\"wp-block-image aligncenter size-large is-resized has-custom-border\"><img decoding=\"async\" src=\"https:\/\/cutetarot.com\/wp-content\/uploads\/2024\/09\/Group-118.png\" alt=\"\" style=\"border-radius:24px;width:100px\"\/><\/figure>\n\n\n\n<p class=\"has-text-align-center\">Tarot Kawaii<\/p>\n<\/div>\n\n\n\n<div class=\"wp-block-column is-layout-flow wp-block-column-is-layout-flow\">\n<figure class=\"wp-block-image aligncenter size-large is-resized has-custom-border\"><img decoding=\"async\" src=\"https:\/\/cutetarot.com\/wp-content\/uploads\/2024\/09\/spoopy.png\" alt=\"\" style=\"border-radius:24px;width:100px\"\/><\/figure>\n\n\n\n<p class=\"has-text-align-center\">Tarot espeluznante<\/p>\n<\/div>\n<\/div>\n<\/div>\n\n\n\n<div class=\"wp-block-column is-layout-flow wp-block-column-is-layout-flow\">\n<div class=\"wp-block-columns is-not-stacked-on-mobile is-layout-flex wp-container-core-columns-is-layout-28f84493 wp-block-columns-is-layout-flex\">\n<div class=\"wp-block-column is-layout-flow wp-block-column-is-layout-flow\">\n<figure class=\"wp-block-image aligncenter size-large is-resized has-custom-border\"><img decoding=\"async\" src=\"https:\/\/cutetarot.com\/wp-content\/uploads\/2024\/09\/Group-137.png\" alt=\"\" style=\"border-radius:24px;aspect-ratio:1;object-fit:contain;width:100px\"\/><\/figure>\n\n\n\n<p class=\"has-text-align-center\">Interpretaci\u00f3n personalizada<\/p>\n<\/div>\n\n\n\n<div class=\"wp-block-column is-layout-flow wp-block-column-is-layout-flow\">\n<figure class=\"wp-block-image aligncenter size-large is-resized has-custom-border\"><img decoding=\"async\" src=\"https:\/\/cutetarot.com\/wp-content\/uploads\/2024\/09\/daily.png\" alt=\"\" style=\"border-radius:24px;width:100px\"\/><\/figure>\n\n\n\n<p class=\"has-text-align-center\">Pent\u00e1culo diario gratuito<\/p>\n<\/div>\n<\/div>\n<\/div>\n<\/div>\n\n\n\n<div class=\"wp-block-columns is-layout-flex wp-container-core-columns-is-layout-28f84493 wp-block-columns-is-layout-flex\">\n<div class=\"wp-block-column is-layout-flow wp-block-column-is-layout-flow\">\n<div class=\"wp-block-columns is-not-stacked-on-mobile is-layout-flex wp-container-core-columns-is-layout-28f84493 wp-block-columns-is-layout-flex\">\n<div class=\"wp-block-column is-layout-flow wp-block-column-is-layout-flow\">\n<figure class=\"wp-block-image aligncenter size-large is-resized has-custom-border\"><img decoding=\"async\" src=\"https:\/\/cutetarot.com\/wp-content\/uploads\/2024\/09\/photo.png\" alt=\"\" style=\"border-radius:24px;width:100px\"\/><\/figure>\n\n\n\n<p class=\"has-text-align-center\">Sube tiradas de tarot en la vida real<\/p>\n<\/div>\n\n\n\n<div class=\"wp-block-column is-layout-flow wp-block-column-is-layout-flow\">\n<figure class=\"wp-block-image aligncenter size-large is-resized has-custom-border\"><img decoding=\"async\" src=\"https:\/\/cutetarot.com\/wp-content\/uploads\/2024\/09\/serendipity.png\" alt=\"\" style=\"border-radius:24px;width:100px\"\/><\/figure>\n\n\n\n<p class=\"has-text-align-center\">Lindas recompensas de &quot;Serendipia&quot;<\/p>\n<\/div>\n<\/div>\n<\/div>\n\n\n\n<div class=\"wp-block-column is-layout-flow wp-block-column-is-layout-flow\">\n<div class=\"wp-block-columns is-not-stacked-on-mobile is-layout-flex wp-container-core-columns-is-layout-28f84493 wp-block-columns-is-layout-flex\">\n<div class=\"wp-block-column is-layout-flow wp-block-column-is-layout-flow\">\n<figure class=\"wp-block-image aligncenter size-large is-resized has-custom-border\"><img decoding=\"async\" src=\"https:\/\/cutetarot.com\/wp-content\/uploads\/2024\/09\/reference.png\" alt=\"\" style=\"border-radius:24px;width:100px\"\/><\/figure>\n\n\n\n<p class=\"has-text-align-center\">Encuentre r\u00e1pidamente el significado de las cartas<\/p>\n<\/div>\n\n\n\n<div class=\"wp-block-column is-layout-flow wp-block-column-is-layout-flow\">\n<figure class=\"wp-block-image aligncenter size-large is-resized has-custom-border\"><img decoding=\"async\" src=\"https:\/\/cutetarot.com\/wp-content\/uploads\/2024\/09\/science.png\" alt=\"\" style=\"border-radius:24px;width:100px\"\/><\/figure>\n\n\n\n<p class=\"has-text-align-center\">Integraci\u00f3n de la ciencia cu\u00e1ntica<\/p>\n<\/div>\n<\/div>\n<\/div>\n<\/div>\n<\/div>\n\n\n\n<div class=\"wp-block-column is-layout-flow wp-block-column-is-layout-flow\">\n<figure class=\"wp-block-image size-large\"><img decoding=\"async\" src=\"https:\/\/cutetarot.com\/wp-content\/uploads\/2024\/09\/Frame-73.png\" alt=\"\"\/><\/figure>\n<\/div>\n<\/div>\n<\/div><\/div>\n\n\n\n<p><\/p>","protected":false},"excerpt":{"rendered":"","protected":false},"author":1,"featured_media":0,"parent":0,"menu_order":0,"comment_status":"closed","ping_status":"closed","template":"asdfadsf-1ecb9d","meta":{"_acf_changed":false,"footnotes":""},"class_list":["post-30780","page","type-page","status-publish","hentry"],"acf":[],"_links":{"self":[{"href":"https:\/\/cutetarot.com\/es\/wp-json\/wp\/v2\/pages\/30780","targetHints":{"allow":["GET"]}}],"collection":[{"href":"https:\/\/cutetarot.com\/es\/wp-json\/wp\/v2\/pages"}],"about":[{"href":"https:\/\/cutetarot.com\/es\/wp-json\/wp\/v2\/types\/page"}],"author":[{"embeddable":true,"href":"https:\/\/cutetarot.com\/es\/wp-json\/wp\/v2\/users\/1"}],"replies":[{"embeddable":true,"href":"https:\/\/cutetarot.com\/es\/wp-json\/wp\/v2\/comments?post=30780"}],"version-history":[{"count":4,"href":"https:\/\/cutetarot.com\/es\/wp-json\/wp\/v2\/pages\/30780\/revisions"}],"predecessor-version":[{"id":42938,"href":"https:\/\/cutetarot.com\/es\/wp-json\/wp\/v2\/pages\/30780\/revisions\/42938"}],"wp:attachment":[{"href":"https:\/\/cutetarot.com\/es\/wp-json\/wp\/v2\/media?parent=30780"}],"curies":[{"name":"gracias","href":"https:\/\/api.w.org\/{rel}","templated":true}]}}